{"id":105,"date":"2025-05-22T18:39:12","date_gmt":"2025-05-22T16:39:12","guid":{"rendered":"https:\/\/sylwira.best.net.pl\/?page_id=105"},"modified":"2025-05-22T18:40:19","modified_gmt":"2025-05-22T16:40:19","slug":"kontakt","status":"publish","type":"page","link":"https:\/\/sylwirart.pl\/index.php\/kontakt\/","title":{"rendered":"Kontakt"},"content":{"rendered":"\n<p class=\"has-text-align-center\"><strong>Sylwirart Bogna \u0141ukomska<\/strong><\/p>\n\n\n\n<p class=\"has-text-align-center\">Malin\u00f3wka 242<br>36-213 Hacz\u00f3w<\/p>\n\n\n\n<p class=\"has-text-align-center\">tel. +48 601 766 997<br>e-mail: <a href=\"mailto:bogna@sylwirart.pl\">bogna@sylwirart.pl<\/a><\/p>\n\n\n\n<p><\/p>\n","protected":false},"excerpt":{"rendered":"<p>Sylwirart Bogna \u0141ukomska Malin\u00f3wka 24236-213 Hacz\u00f3w tel. +48 601 766 997e-mail: bogna@sylwirart.pl<\/p>\n","protected":false},"author":1,"featured_media":0,"parent":0,"menu_order":0,"comment_status":"closed","ping_status":"closed","template":"","meta":{"ngg_post_thumbnail":0,"footnotes":""},"class_list":["post-105","page","type-page","status-publish","hentry"],"_links":{"self":[{"href":"https:\/\/sylwirart.pl\/index.php\/wp-json\/wp\/v2\/pages\/105"}],"collection":[{"href":"https:\/\/sylwirart.pl\/index.php\/wp-json\/wp\/v2\/pages"}],"about":[{"href":"https:\/\/sylwirart.pl\/index.php\/wp-json\/wp\/v2\/types\/page"}],"author":[{"embeddable":true,"href":"https:\/\/sylwirart.pl\/index.php\/wp-json\/wp\/v2\/users\/1"}],"replies":[{"embeddable":true,"href":"https:\/\/sylwirart.pl\/index.php\/wp-json\/wp\/v2\/comments?post=105"}],"version-history":[{"count":2,"href":"https:\/\/sylwirart.pl\/index.php\/wp-json\/wp\/v2\/pages\/105\/revisions"}],"predecessor-version":[{"id":108,"href":"https:\/\/sylwirart.pl\/index.php\/wp-json\/wp\/v2\/pages\/105\/revisions\/108"}],"wp:attachment":[{"href":"https:\/\/sylwirart.pl\/index.php\/wp-json\/wp\/v2\/media?parent=105"}],"curies":[{"name":"wp","href":"https:\/\/api.w.org\/{rel}","templated":true}]}}